{"id":1204,"date":"2024-03-11T09:59:19","date_gmt":"2024-03-11T09:59:19","guid":{"rendered":"https:\/\/atelier-im-alten-buchladen.de\/?page_id=1204"},"modified":"2024-03-11T10:05:55","modified_gmt":"2024-03-11T10:05:55","slug":"impressum","status":"publish","type":"page","link":"https:\/\/atelier-im-alten-buchladen.de\/?page_id=1204","title":{"rendered":"Impressum"},"content":{"rendered":"\n<p><strong>Angaben gem\u00e4\u00df \u00a7 5 TMG<\/strong><br><br>Jan Sammer<br>Genthiner Stra\u00dfe 27<br><br>14774 Brandenburg an der Havel<\/p>\n\n\n\n<p><strong>Kontakt<\/strong><br><br><a href=\"tel:017676685494\">Telefon: 0176 76685494<\/a><br><a href=\"mailto:info@elliswonken.de\">E-Mail: info@aterlier-im-alten-buchladen.de<\/a><\/p>\n\n\n\n<p>Umsatzsteuer-ID<br>Umsatzsteuer-Identifikationsnummer gem\u00e4\u00df \u00a727 a Umsatzsteuergesetz:\u00a0DE327382702<img decoding=\"async\" src=\"https:\/\/elfida-jaro.de\/wp-content\/uploads\/2023\/10\/Impressum_Datenschutzerklarung5.png\"><\/p>\n\n\n\n<p><strong>Streitschlichtung<\/strong><br><br>Die Europ\u00e4ische Kommission stellt eine Plattform zur Online-Streitbeilegung<br>(OS) bereit: https:\/\/ec.europa.eu\/consumers\/odr.<br><br>Unsere E-Mail-Adresse finden Sie oben im Impressum.&nbsp;Wir sind nicht bereit oder verpflichtet, an Streitbeilegungsverfahren vor einer<br>Verbraucherschlichtungsstelle teilzunehmen.<br><br><strong>Haftung f\u00fcr Inhalte&nbsp;<\/strong><br><br>Als Diensteanbieter sind wir gem\u00e4\u00df \u00a7 7 Abs.1 TMG f\u00fcr eigene Inhalte auf diesen&nbsp;Seiten nach den allgemeinen Gesetzen verantwortlich. Nach \u00a7\u00a7 8 bis 10 TMG sind wir als Diensteanbieter jedoch nicht verpflichtet, \u00fcbermittelte oder&nbsp;gespeicherte fremde Informationen zu \u00fcberwachen oder nach Umst\u00e4nden zu forschen, die auf eine rechtswidrige T\u00e4tigkeit hinweisen.&nbsp;Verpflichtungen zur Entfernung oder Sperrung der Nutzung von Informationen nach den allgemeinen Gesetzen bleiben hiervon unber\u00fchrt. Eine diesbez\u00fcgliche&nbsp;Haftung ist jedoch erst ab dem Zeitpunkt der Kenntnis einer konkreten Rechtsverletzung m\u00f6glich. Bei Bekanntwerden von entsprechenden&nbsp;Rechtsverletzungen werden wir diese Inhalte umgehend entfernen.<br><br><strong>Haftung f\u00fcr Links<\/strong><br><br>Unser Angebot enth\u00e4lt Links zu externen Websites Dritter, auf deren Inhalte wir&nbsp;keinen Einfluss haben.<br><br>Deshalb k\u00f6nnen wir f\u00fcr diese fremden Inhalte auch keine Gew\u00e4hr&nbsp;\u00fcbernehmen. F\u00fcr die Inhalte der verlinkten Seiten ist stets der jeweilige&nbsp;Anbieter oder Betreiber der Seiten verantwortlich. Die verlinkten Seiten&nbsp;wurden zum Zeitpunkt der Verlinkung auf m\u00f6gliche Rechtsverst\u00f6\u00dfe \u00fcberpr\u00fcft.<br>Rechtswidrige Inhalte waren zum Zeitpunkt der Verlinkung nicht erkennbar.&nbsp;Eine permanente inhaltliche Kontrolle der verlinkten Seiten ist jedoch ohne konkrete Anhaltspunkte einer Rechtsverletzung nicht zumutbar.&nbsp;Bei Bekanntwerden von Rechtsverletzungen werden wir derartige Links<br>umgehend entfernen.<br><br><strong>Urheberrecht<\/strong><br><br>Die durch die Seitenbetreiber erstellten Inhalte und Werke auf diesen Seiten&nbsp;unterliegen dem deutschenUrheberrecht. Die Vervielf\u00e4ltigung, Bearbeitung, Verbreitung und jede Art der Verwertung au\u00dferhalb der Grenzen des&nbsp;Urheberrechtes bed\u00fcrfen der schriftlichen Zustimmung des jeweiligen Autors bzw. Erstellers.<br><br>Downloads und Kopien dieser Seite sind nur f\u00fcr den privaten,&nbsp;nicht kommerziellen Gebrauch gestattet.&nbsp;Soweit die Inhalte auf dieser Seite nicht vom Betreiber erstellt wurden, werden&nbsp;die Urheberrechte Dritter beachtet. Insbesondere werden Inhalte Dritter als&nbsp;solche gekennzeichnet. Sollten Sie trotzdem auf eine Urheberrechtsverletzung&nbsp;aufmerksam werden, bitten wir um einen entsprechenden Hinweis.&nbsp;Bei Bekanntwerden von Rechtsverletzungen werden wir derartige Links umgehend&nbsp;entfernen.<\/p>\n","protected":false},"excerpt":{"rendered":"<p>Angaben gem\u00e4\u00df \u00a7 5 TMG Jan SammerGenthiner Stra\u00dfe 27 14774 Brandenburg an der Havel Kontakt Telefon: 0176 76685494E-Mail: info@aterlier-im-alten-buchladen.de Umsatzsteuer-IDUmsatzsteuer-Identifikationsnummer gem\u00e4\u00df \u00a727 a Umsatzsteuergesetz:\u00a0DE327382702 Streitschlichtung Die Europ\u00e4ische Kommission stellt eine Plattform zur Online-Streitbeilegung(OS) bereit: https:\/\/ec.europa.eu\/consumers\/odr. Unsere E-Mail-Adresse finden Sie oben im Impressum.&nbsp;Wir sind nicht bereit oder verpflichtet, an Streitbeilegungsverfahren vor einerVerbraucherschlichtungsstelle teilzunehmen. Haftung f\u00fcr Inhalte&nbsp; &hellip;<\/p>\n<p class=\"read-more\"> <a class=\"\" href=\"https:\/\/atelier-im-alten-buchladen.de\/?page_id=1204\"> <span class=\"screen-reader-text\">Impressum<\/span> Weiterlesen &raquo;<\/a><\/p>\n","protected":false},"author":1,"featured_media":0,"parent":0,"menu_order":0,"comment_status":"closed","ping_status":"closed","template":"","meta":{"site-sidebar-layout":"default","site-content-layout":"default","ast-global-header-display":"","ast-main-header-display":"","ast-hfb-above-header-display":"","ast-hfb-below-header-display":"","ast-hfb-mobile-header-display":"","site-post-title":"","ast-breadcrumbs-content":"","ast-featured-img":"","footer-sml-layout":"","theme-transparent-header-meta":"","adv-header-id-meta":"","stick-header-meta":"","header-above-stick-meta":"","header-main-stick-meta":"","header-below-stick-meta":"","footnotes":""},"class_list":["post-1204","page","type-page","status-publish","hentry"],"_links":{"self":[{"href":"https:\/\/atelier-im-alten-buchladen.de\/index.php?rest_route=\/wp\/v2\/pages\/1204","targetHints":{"allow":["GET"]}}],"collection":[{"href":"https:\/\/atelier-im-alten-buchladen.de\/index.php?rest_route=\/wp\/v2\/pages"}],"about":[{"href":"https:\/\/atelier-im-alten-buchladen.de\/index.php?rest_route=\/wp\/v2\/types\/page"}],"author":[{"embeddable":true,"href":"https:\/\/atelier-im-alten-buchladen.de\/index.php?rest_route=\/wp\/v2\/users\/1"}],"replies":[{"embeddable":true,"href":"https:\/\/atelier-im-alten-buchladen.de\/index.php?rest_route=%2Fwp%2Fv2%2Fcomments&post=1204"}],"version-history":[{"count":2,"href":"https:\/\/atelier-im-alten-buchladen.de\/index.php?rest_route=\/wp\/v2\/pages\/1204\/revisions"}],"predecessor-version":[{"id":1206,"href":"https:\/\/atelier-im-alten-buchladen.de\/index.php?rest_route=\/wp\/v2\/pages\/1204\/revisions\/1206"}],"wp:attachment":[{"href":"https:\/\/atelier-im-alten-buchladen.de\/index.php?rest_route=%2Fwp%2Fv2%2Fmedia&parent=1204"}],"curies":[{"name":"wp","href":"https:\/\/api.w.org\/{rel}","templated":true}]}}